{"id":1483,"date":"2025-09-16T06:36:54","date_gmt":"2025-09-16T06:36:54","guid":{"rendered":"https:\/\/www.oztektasarim.com\/eng\/?page_id=1483"},"modified":"2025-09-30T10:17:23","modified_gmt":"2025-09-30T10:17:23","slug":"contact","status":"publish","type":"page","link":"https:\/\/www.oztektasarim.com\/eng\/contact\/","title":{"rendered":"CONTACT"},"content":{"rendered":"<div class=\"wpb-content-wrapper\"><p>[vc_row wrap_container=&#8221;yes&#8221; conditional_render=&#8221;%5B%7B%22value_role%22%3A%22administrator%22%7D%5D&#8221; css_params=&#8221;&#8221;][vc_column][vc_single_image image=&#8221;5314&#8243; img_size=&#8221;full&#8221; alignment=&#8221;center&#8221; css=&#8221;.vc_custom_1758633350794{margin-bottom: 35px !important;}&#8221; animation_delay=&#8221;100&#8243; css_params=&#8221;&#8221; animation_type=&#8221;fadeInUp&#8221;][vc_row_inner][vc_column_inner width=&#8221;1\/2&#8243;][vc_single_image image=&#8221;2259&#8243; img_size=&#8221;full&#8221; css=&#8221;.vc_custom_1758135090123{margin-bottom: 10px !important;}&#8221; animation_delay=&#8221;100&#8243; el_class=&#8221;mb-0 custom-box-shadow-1&#8243; animation_type=&#8221;fadeInUp&#8221; css_params=&#8221;&#8221;][\/vc_column_inner][vc_column_inner width=&#8221;1\/2&#8243;]<div class=\"porto-sicon-box pe-5  wpb_custom_bb66d6092aad61463961419c5b95d72a style_1 left-icon\" data-appear-animation=\"fadeInUp\" data-appear-animation-delay=\"300\"><div class=\"porto-sicon-left\"><div class=\"porto-just-icon-wrapper porto-sicon-img  porto-icon-9f5d1cfb45d27d96b50bf473aebba227\" style=\"font-size: 65px;margin-right:24px;\"><img loading=\"lazy\" decoding=\"async\" class=\"img-icon\" alt=\"\" src=\"https:\/\/www.oztektasarim.com\/eng\/wp-content\/uploads\/2025\/09\/proje-project.png\" width=\"120\" height=\"120\" \/><\/div><\/div><div class=\"porto-sicon-body\"><div class=\"porto-sicon-header\" style=\"margin-bottom:19px;\"><h3 class=\"porto-sicon-title\" style=\"margin-bottom:8px;\">International Design Services<\/h3><p>Innovative, brand-specific concepts crafted in harmony with global trends.<\/p><\/div> <!-- header --><\/div><\/div><!-- porto-sicon-box --><div class=\"porto-sicon-box pe-5 my-3  wpb_custom_bb66d6092aad61463961419c5b95d72a style_1 left-icon\" data-appear-animation=\"fadeInUp\" data-appear-animation-delay=\"400\"><div class=\"porto-sicon-left\"><div class=\"porto-just-icon-wrapper porto-sicon-img  porto-icon-9f5d1cfb45d27d96b50bf473aebba227\" style=\"font-size: 65px;margin-right:24px;\"><img loading=\"lazy\" decoding=\"async\" class=\"img-icon\" alt=\"\" src=\"https:\/\/www.oztektasarim.com\/eng\/wp-content\/uploads\/2025\/09\/uretim-manufacturing.png\" width=\"120\" height=\"120\" \/><\/div><\/div><div class=\"porto-sicon-body\"><div class=\"porto-sicon-header\" style=\"margin-bottom:20px;\"><h3 class=\"porto-sicon-title\" style=\"margin-bottom:8px;\">Production &amp; Logistics Support<\/h3><p>Premium manufacturing quality with reliable, on-time worldwide delivery.<\/p><\/div> <!-- header --><\/div><\/div><!-- porto-sicon-box --><div class=\"porto-sicon-box pe-5 mb-0  wpb_custom_bb66d6092aad61463961419c5b95d72a style_1 left-icon\" data-appear-animation=\"fadeInUp\" data-appear-animation-delay=\"500\"><div class=\"porto-sicon-left\"><div class=\"porto-just-icon-wrapper porto-sicon-img  porto-icon-9f5d1cfb45d27d96b50bf473aebba227\" style=\"font-size: 65px;margin-right:24px;\"><img loading=\"lazy\" decoding=\"async\" class=\"img-icon\" alt=\"\" src=\"https:\/\/www.oztektasarim.com\/eng\/wp-content\/uploads\/2025\/09\/uygulama-application.png\" width=\"120\" height=\"120\" \/><\/div><\/div><div class=\"porto-sicon-body\"><div class=\"porto-sicon-header\" style=\"margin-bottom:24px;\"><h3 class=\"porto-sicon-title\" style=\"margin-bottom:8px;\">Project Consultancy<\/h3><p>End-to-end professional guidance \u2014 from design to seamless installation.<\/p><\/div> <!-- header --><\/div><\/div><!-- porto-sicon-box -->[\/vc_column_inner][\/vc_row_inner][\/vc_column][\/vc_row][vc_row no_padding=&#8221;yes&#8221; conditional_render=&#8221;%5B%7B%22value_role%22%3A%22administrator%22%7D%5D&#8221; css_params=&#8221;&#8221; el_class=&#8221;overflow-hidden&#8221;][vc_column][vc_row_inner wrap_container=&#8221;yes&#8221; content_placement=&#8221;middle&#8221; css=&#8221;.vc_custom_1758100983421{background: #f7f7ff url(\/\/sw-themes.com\/porto_dummy\/wp-content\/uploads\/2025\/01\/marketing-generic-6.svg?id=1094) !important;background-position: center !important;background-repeat: no-repeat !important;background-size: cover !important;}&#8221; css_params=&#8221;{&#8220;css_padding_top_lg&#8220;:&#8220;6rem&#8220;,&#8220;css_padding_bottom_lg&#8220;:&#8220;8rem&#8220;}&#8221; el_class=&#8221;custom-bg&#8221; custom_css_response=&#8221;@media(max-width:991px){.vc_custom_1758100983421{padding-top:6rem!important;padding-bottom:8rem!important;}}&#8221;][vc_column_inner el_class=&#8221;text-lg-start text-center&#8221; css_params=&#8221;{&#8220;css_margin_bottom_lg&#8220;:&#8220;3rem&#8220;}&#8221; offset=&#8221;vc_col-lg-4 vc_col-md-5&#8243; css=&#8221;.vc_custom_1758100046779{porto_vc_design_option}&#8221; custom_css_response=&#8221;@media(max-width:991px){.vc_custom_1758100046779{margin-bottom:3rem!important;}}&#8221;][vc_custom_heading text=&#8221;<b>\u00d6ztek Tasar\u0131m<\/b> SHOWROOM&#8221; font_container=&#8221;tag:h2|font_size:25|text_align:left|line_height:1.2&#8243; use_theme_fonts=&#8221;yes&#8221; css_params=&#8221;&#8221;]<div class=\"porto-sicon-box icon-bordered mb-3 align-items-start  wpb_custom_81cc2a0c9da0dca4045e889b0e4e6169 style_1 default-icon\"><div class=\"porto-sicon-default\"><div class=\"porto-just-icon-wrapper porto-icon none\" style=\"color:#0052cc;font-size:14px;margin-right:12px;\"><i class=\"porto-icon-map-location\"><\/i><\/div><\/div><div class=\"porto-sicon-header\"><h3 class=\"porto-sicon-title\" style=\"margin-bottom:0px;\">Maltepe Cad. No:9 Orhan Kocaba\u015f \u0130\u015f Han\u0131<\/h3><p>No: 34-35-36 Bayrampa\u015fa \u0130STANBUL \/ T\u00dcRK\u0130YE<\/p><\/div> <!-- header --><\/div><!-- porto-sicon-box --><div class=\"porto-sicon-box icon-bordered mb-3 align-items-start  wpb_custom_81cc2a0c9da0dca4045e889b0e4e6169 style_1 default-icon\"><div class=\"porto-sicon-default\"><div class=\"porto-just-icon-wrapper porto-icon none\" style=\"color:#0052cc;font-size:14px;margin-right:12px;\"><i class=\"porto-icon-phone-1\"><\/i><\/div><\/div><div class=\"porto-sicon-header\"><h3 class=\"porto-sicon-title\" style=\"margin-bottom:0px;\">+90 212 576 76 30<\/h3><\/div> <!-- header --><\/div><!-- porto-sicon-box --><div class=\"porto-sicon-box icon-bordered mb-3 align-items-start  wpb_custom_81cc2a0c9da0dca4045e889b0e4e6169 style_1 default-icon\"><div class=\"porto-sicon-default\"><div class=\"porto-just-icon-wrapper porto-icon none\" style=\"color:#0052cc;font-size:14px;margin-right:12px;\"><i class=\"porto-icon-fax\"><\/i><\/div><\/div><div class=\"porto-sicon-header\"><h3 class=\"porto-sicon-title\" style=\"margin-bottom:0px;\">+90 212 567 33 76<\/h3><\/div> <!-- header --><\/div><!-- porto-sicon-box --><div class=\"porto-sicon-box  vc_custom_1759227294229 icon-bordered mail-info  wpb_custom_542a01573d76d3b7482a4494dfcd41aa style_1 default-icon\"><div class=\"porto-sicon-default\"><div class=\"porto-just-icon-wrapper porto-icon none\" style=\"color:#0052cc;font-size:14px;margin-right:12px;\"><i class=\"Simple-Line-Icons-envelope\"><\/i><\/div><\/div><div class=\"porto-sicon-header\"><a class=\"porto-sicon-box-link\" href=\"mailto:info@oztektasarim.com\"><h3 class=\"porto-sicon-title\" style=\"margin-bottom:4px;\">info@oztektasarim.com<\/h3><\/a><\/div> <!-- header --><\/div><!-- porto-sicon-box -->[\/vc_column_inner][vc_column_inner animation_delay=&#8221;400&#8243; offset=&#8221;vc_col-lg-offset-2 vc_col-lg-6 vc_col-md-offset-1 vc_col-md-6&#8243; css_params=&#8221;{&#8220;css_padding_left_lg&#8220;:&#8220;12px&#8220;,&#8220;css_padding_right_md&#8220;:&#8220;4.5rem&#8220;}&#8221; css=&#8221;.vc_custom_1758101037848{padding-right: 50px !important;padding-left: 6% !important;}&#8221; custom_css_response=&#8221;@media(max-width:991px){.vc_custom_1758101037848{padding-left:12px!important;}}@media(max-width:767px){.vc_custom_1758101037848{padding-right:4.5rem!important;}}&#8221; animation_type=&#8221;fadeIn&#8221;]<div class=\"porto-carousel owl-carousel has-ccols has-ccols-spacing ccols-xl-1 ccols-lg-1 ccols-md-1 ccols-sm-1 ccols-1 hide-prev-nav nav-shadow custom-nav wpb_custom_7cfa43c0c949849a4edd36c268bb8eb1\" data-appear-animation=\"fadeIn\" data-appear-animation-delay=\"600\" data-plugin-options=\"{&quot;themeConfig&quot;:true,&quot;stagePadding&quot;:0,&quot;margin&quot;:10,&quot;autoplay&quot;:false,&quot;mouseDrag&quot;:true,&quot;touchDrag&quot;:true,&quot;autoplayTimeout&quot;:5000,&quot;autoplayHoverPause&quot;:false,&quot;items&quot;:1,&quot;xl&quot;:1,&quot;lg&quot;:1,&quot;md&quot;:1,&quot;sm&quot;:1,&quot;xs&quot;:1,&quot;nav&quot;:&quot;yes&quot;,&quot;dots&quot;:false,&quot;animateIn&quot;:&quot;&quot;,&quot;animateOut&quot;:&quot;&quot;,&quot;loop&quot;:&quot;yes&quot;,&quot;center&quot;:false,&quot;video&quot;:false,&quot;lazyLoad&quot;:false,&quot;fullscreen&quot;:false}\"><div class=\"porto-animation d-inline-block\"  data-appear-animation=\"fadeIn\">[vc_column_text]<iframe loading=\"lazy\" style=\"border: 0;\" src=\"https:\/\/www.google.com\/maps\/embed?pb=!1m18!1m12!1m3!1d3009.8276334862353!2d28.913666715662526!3d41.02902682609617!2m3!1f0!2f0!3f0!3m2!1i1024!2i768!4f13.1!3m3!1m2!1s0x14caba5d6ea0082d%3A0x39d0fe659f381741!2s%C3%96ZTEK%20TASARIM!5e0!3m2!1str!2str!4v1677000483764!5m2!1str!2str\" width=\"800\" height=\"400\" allowfullscreen=\"allowfullscreen\"><\/iframe>[\/vc_column_text]<\/div><\/div>[\/vc_column_inner][\/vc_row_inner][\/vc_column][\/vc_row][vc_row wrap_container=&#8221;yes&#8221; conditional_render=&#8221;%5B%7B%22value_role%22%3A%22administrator%22%7D%5D&#8221; css_params=&#8221;&#8221; css=&#8221;.vc_custom_1758099878769{margin-top: 40px !important;}&#8221;][vc_column][vc_custom_heading text=&#8221;<b>Headquarters<\/b> &amp; Branches&#8221; font_container=&#8221;tag:h2|font_size:25|text_align:left|line_height:1.2&#8243; use_theme_fonts=&#8221;yes&#8221; css_params=&#8221;&#8221;][vc_tta_tour][vc_tta_section i_icon_fontawesome=&#8221;far fa-map&#8221; add_icon=&#8221;true&#8221; title=&#8221;Manufacturing Facility&#8221; tab_id=&#8221;1758097589510-5643611f-b6de&#8221;][vc_custom_heading text=&#8221;<b>Manufacturing Facility<\/b>&#8221; font_container=&#8221;tag:h2|font_size:25|text_align:left|line_height:1.2&#8243; use_theme_fonts=&#8221;yes&#8221; css_params=&#8221;&#8221;]<div class=\"porto-sicon-box icon-bordered mb-3 align-items-start  wpb_custom_81cc2a0c9da0dca4045e889b0e4e6169 style_1 default-icon\"><div class=\"porto-sicon-default\"><div class=\"porto-just-icon-wrapper porto-icon none\" style=\"color:#0052cc;font-size:14px;margin-right:12px;\"><i class=\"porto-icon-map-location\"><\/i><\/div><\/div><div class=\"porto-sicon-header\"><h3 class=\"porto-sicon-title\" style=\"margin-bottom:0px;\">Maltepe Mah. G\u00fcm\u00fc\u015fsuyu Cad. Fatih \u015eehitleri Sk. No: 11<\/h3><p>Zeytinburnu \/ \u0130STANBUL \/ T\u00dcRK\u0130YE<\/p><\/div> <!-- header --><\/div><!-- porto-sicon-box --><div class=\"porto-sicon-box icon-bordered mb-3 align-items-start  wpb_custom_81cc2a0c9da0dca4045e889b0e4e6169 style_1 default-icon\"><div class=\"porto-sicon-default\"><div class=\"porto-just-icon-wrapper porto-icon none\" style=\"color:#0052cc;font-size:14px;margin-right:12px;\"><i class=\"porto-icon-phone-1\"><\/i><\/div><\/div><div class=\"porto-sicon-header\"><h3 class=\"porto-sicon-title\" style=\"margin-bottom:0px;\">+90 212 613 05 17<\/h3><\/div> <!-- header --><\/div><!-- porto-sicon-box --><div class=\"porto-sicon-box icon-bordered mb-3 align-items-start  wpb_custom_81cc2a0c9da0dca4045e889b0e4e6169 style_1 default-icon\"><div class=\"porto-sicon-default\"><div class=\"porto-just-icon-wrapper porto-icon none\" style=\"color:#0052cc;font-size:14px;margin-right:12px;\"><i class=\"porto-icon-phone-1\"><\/i><\/div><\/div><div class=\"porto-sicon-header\"><h3 class=\"porto-sicon-title\" style=\"margin-bottom:0px;\">+90 212 613 80 24<\/h3><\/div> <!-- header --><\/div><!-- porto-sicon-box --><div class=\"porto-sicon-box  vc_custom_1759227445890 icon-bordered mail-info  wpb_custom_542a01573d76d3b7482a4494dfcd41aa style_1 default-icon\"><div class=\"porto-sicon-default\"><div class=\"porto-just-icon-wrapper porto-icon none\" style=\"color:#0052cc;font-size:14px;margin-right:12px;\"><i class=\"Simple-Line-Icons-envelope\"><\/i><\/div><\/div><div class=\"porto-sicon-header\"><a class=\"porto-sicon-box-link\" href=\"mailto:info@tekdekorasyon.net\"><h3 class=\"porto-sicon-title\" style=\"margin-bottom:4px;\">info@tekdekorasyon.net<\/h3><\/a><\/div> <!-- header --><\/div><!-- porto-sicon-box -->[vc_column_text]<iframe loading=\"lazy\" style=\"border: 0;\" src=\"https:\/\/www.google.com\/maps\/embed?pb=!1m18!1m12!1m3!1d3009.871873931722!2d28.913043!3d41.028059!2m3!1f0!2f0!3f0!3m2!1i1024!2i768!4f13.1!3m3!1m2!1s0x14caba5c33d78439%3A0xdac962d9affe7266!2sTek+Dekorasyon+%C3%87elik+Esya!5e0!3m2!1str!2s!4v1432536528093\" width=\"800\" height=\"250\" frameborder=\"0\"><\/iframe>[\/vc_column_text][\/vc_tta_section][vc_tta_section i_icon_fontawesome=&#8221;far fa-map&#8221; add_icon=&#8221;true&#8221; title=&#8221;SHOWROOM \u2013 MERCAN&#8221; tab_id=&#8221;1758097589574-555bcfd3-62c3&#8243;][vc_custom_heading text=&#8221;<b>Showroom<\/b> MERCAN&#8221; font_container=&#8221;tag:h2|font_size:25|text_align:left|line_height:1.2&#8243; use_theme_fonts=&#8221;yes&#8221; css_params=&#8221;&#8221;]<div class=\"porto-sicon-box icon-bordered mb-3 align-items-start  wpb_custom_81cc2a0c9da0dca4045e889b0e4e6169 style_1 default-icon\"><div class=\"porto-sicon-default\"><div class=\"porto-just-icon-wrapper porto-icon none\" style=\"color:#0052cc;font-size:14px;margin-right:12px;\"><i class=\"porto-icon-map-location\"><\/i><\/div><\/div><div class=\"porto-sicon-header\"><h3 class=\"porto-sicon-title\" style=\"margin-bottom:0px;\">Uzun \u00c7ar\u015f\u0131 Cad. No:101 Mercan<\/h3><p>Fatih \/ \u0130STANBUL \/ T\u00dcRK\u0130YE<\/p><\/div> <!-- header --><\/div><!-- porto-sicon-box --><div class=\"porto-sicon-box icon-bordered mb-3 align-items-start  wpb_custom_81cc2a0c9da0dca4045e889b0e4e6169 style_1 default-icon\"><div class=\"porto-sicon-default\"><div class=\"porto-just-icon-wrapper porto-icon none\" style=\"color:#0052cc;font-size:14px;margin-right:12px;\"><i class=\"porto-icon-phone-1\"><\/i><\/div><\/div><div class=\"porto-sicon-header\"><h3 class=\"porto-sicon-title\" style=\"margin-bottom:0px;\">+90 212 520 16 65<\/h3><\/div> <!-- header --><\/div><!-- porto-sicon-box --><div class=\"porto-sicon-box icon-bordered mb-3 align-items-start  wpb_custom_81cc2a0c9da0dca4045e889b0e4e6169 style_1 default-icon\"><div class=\"porto-sicon-default\"><div class=\"porto-just-icon-wrapper porto-icon none\" style=\"color:#0052cc;font-size:14px;margin-right:12px;\"><i class=\"porto-icon-phone-1\"><\/i><\/div><\/div><div class=\"porto-sicon-header\"><h3 class=\"porto-sicon-title\" style=\"margin-bottom:0px;\">+90 212 520 16 66<\/h3><\/div> <!-- header --><\/div><!-- porto-sicon-box -->[vc_column_text]<iframe loading=\"lazy\" style=\"border: 0;\" src=\"https:\/\/www.google.com\/maps\/embed?pb=!1m16!1m12!1m3!1d3010.5431289602284!2d28.967062000000475!3d41.01337198349362!2m3!1f0!2f0!3f0!3m2!1i1024!2i768!4f13.1!2m1!1zVXp1biDDh2FyxZ_EsSBDYWQuIE5vOjEwMSBNZXJjYW4!5e0!3m2!1str!2sus!4v1432538502839\" width=\"800\" height=\"250\" frameborder=\"0\"><\/iframe>[\/vc_column_text][\/vc_tta_section][vc_tta_section i_icon_fontawesome=&#8221;far fa-map&#8221; add_icon=&#8221;true&#8221; title=&#8221;SHOWROOM \u2013 LALEL\u0130&#8221; tab_id=&#8221;1758097589634-2730d337-1ff8&#8243;][vc_custom_heading text=&#8221;<b>Showroom<\/b> LALEL\u0130&#8221; font_container=&#8221;tag:h2|font_size:25|text_align:left|line_height:1.2&#8243; use_theme_fonts=&#8221;yes&#8221; css_params=&#8221;&#8221;]<div class=\"porto-sicon-box icon-bordered mb-3 align-items-start  wpb_custom_81cc2a0c9da0dca4045e889b0e4e6169 style_1 default-icon\"><div class=\"porto-sicon-default\"><div class=\"porto-just-icon-wrapper porto-icon none\" style=\"color:#0052cc;font-size:14px;margin-right:12px;\"><i class=\"porto-icon-map-location\"><\/i><\/div><\/div><div class=\"porto-sicon-header\"><h3 class=\"porto-sicon-title\" style=\"margin-bottom:0px;\">Balabana\u011fa Mah. Fethibey Cad. No:18 Laleli<\/h3><p>Fatih \/ \u0130STANBUL \/ T\u00dcRK\u0130YE<\/p><\/div> <!-- header --><\/div><!-- porto-sicon-box --><div class=\"porto-sicon-box icon-bordered mb-3 align-items-start  wpb_custom_81cc2a0c9da0dca4045e889b0e4e6169 style_1 default-icon\"><div class=\"porto-sicon-default\"><div class=\"porto-just-icon-wrapper porto-icon none\" style=\"color:#0052cc;font-size:14px;margin-right:12px;\"><i class=\"porto-icon-phone-1\"><\/i><\/div><\/div><div class=\"porto-sicon-header\"><h3 class=\"porto-sicon-title\" style=\"margin-bottom:0px;\">+90 212 512 18 41<\/h3><\/div> <!-- header --><\/div><!-- porto-sicon-box --><div class=\"porto-sicon-box icon-bordered mb-3 align-items-start  wpb_custom_81cc2a0c9da0dca4045e889b0e4e6169 style_1 default-icon\"><div class=\"porto-sicon-default\"><div class=\"porto-just-icon-wrapper porto-icon none\" style=\"color:#0052cc;font-size:14px;margin-right:12px;\"><i class=\"porto-icon-phone-1\"><\/i><\/div><\/div><div class=\"porto-sicon-header\"><h3 class=\"porto-sicon-title\" style=\"margin-bottom:0px;\">+90 212 519 80 21<\/h3><\/div> <!-- header --><\/div><!-- porto-sicon-box -->[vc_column_text]<iframe loading=\"lazy\" style=\"border: 0;\" src=\"https:\/\/www.google.com\/maps\/embed?pb=!1m18!1m12!1m3!1d1505.3390340794228!2d28.957416999999996!3d41.01041899999999!2m3!1f0!2f0!3f0!3m2!1i1024!2i768!4f13.1!3m3!1m2!1s0x0%3A0x0!2zNDHCsDAwJzM3LjUiTiAyOMKwNTcnMjYuNyJF!5e0!3m2!1str!2sus!4v1432538625292\" width=\"800\" height=\"250\" frameborder=\"0\"><\/iframe>[\/vc_column_text][\/vc_tta_section][vc_tta_section i_icon_fontawesome=&#8221;far fa-map&#8221; add_icon=&#8221;true&#8221; title=&#8221;Metal Manufacturer \u2013 BAYRAMPA\u015eA&#8221; tab_id=&#8221;1758097589699-c65cdf1a-498e&#8221;][vc_custom_heading text=&#8221;<b>Metal Manufacturer<\/b> BAYRAMPA\u015eA&#8221; font_container=&#8221;tag:h2|font_size:25|text_align:left|line_height:1.2&#8243; use_theme_fonts=&#8221;yes&#8221; css_params=&#8221;&#8221;]<div class=\"porto-sicon-box icon-bordered mb-3 align-items-start  wpb_custom_81cc2a0c9da0dca4045e889b0e4e6169 style_1 default-icon\"><div class=\"porto-sicon-default\"><div class=\"porto-just-icon-wrapper porto-icon none\" style=\"color:#0052cc;font-size:14px;margin-right:12px;\"><i class=\"porto-icon-map-location\"><\/i><\/div><\/div><div class=\"porto-sicon-header\"><h3 class=\"porto-sicon-title\" style=\"margin-bottom:0px;\">Maltepe Mah. G\u00fcm\u00fc\u015fsuyu Cad. Fatih \u015eehitleri Sk. No: 2 \/ A<\/h3><p>Zeytinburnu \/ \u0130STANBUL \/ T\u00dcRK\u0130YE<\/p><\/div> <!-- header --><\/div><!-- porto-sicon-box --><div class=\"porto-sicon-box icon-bordered mb-3 align-items-start  wpb_custom_81cc2a0c9da0dca4045e889b0e4e6169 style_1 default-icon\"><div class=\"porto-sicon-default\"><div class=\"porto-just-icon-wrapper porto-icon none\" style=\"color:#0052cc;font-size:14px;margin-right:12px;\"><i class=\"porto-icon-phone-1\"><\/i><\/div><\/div><div class=\"porto-sicon-header\"><h3 class=\"porto-sicon-title\" style=\"margin-bottom:0px;\">+90 212 674 55 01<\/h3><\/div> <!-- header --><\/div><!-- porto-sicon-box --><div class=\"porto-sicon-box icon-bordered mb-3 align-items-start  wpb_custom_81cc2a0c9da0dca4045e889b0e4e6169 style_1 default-icon\"><div class=\"porto-sicon-default\"><div class=\"porto-just-icon-wrapper porto-icon none\" style=\"color:#0052cc;font-size:14px;margin-right:12px;\"><i class=\"porto-icon-phone-1\"><\/i><\/div><\/div><div class=\"porto-sicon-header\"><h3 class=\"porto-sicon-title\" style=\"margin-bottom:0px;\">+90 212 674 55 04<\/h3><\/div> <!-- header --><\/div><!-- porto-sicon-box -->[vc_column_text]<iframe loading=\"lazy\" style=\"border: 0;\" src=\"https:\/\/www.google.com\/maps\/embed?pb=!1m18!1m12!1m3!1d3009.8820224196725!2d28.913142000001514!3d41.027836983956135!2m3!1f0!2f0!3f0!3m2!1i1024!2i768!4f13.1!3m3!1m2!1s0x0%3A0x0!2zNDHCsDAxJzQwLjIiTiAyOMKwNTQnNDcuMyJF!5e0!3m2!1str!2sus!4v1432538765442\" width=\"800\" height=\"250\" frameborder=\"0\"><\/iframe>[\/vc_column_text][\/vc_tta_section][vc_tta_section i_icon_fontawesome=&#8221;far fa-map&#8221; add_icon=&#8221;true&#8221; title=&#8221;Metal Coating Facility \u2013 \u0130K\u0130TELL\u0130&#8221; tab_id=&#8221;1758097589772-1dbb0d1e-7992&#8243;][vc_custom_heading text=&#8221;<b>Metal Coating Facility<\/b> \u0130K\u0130TELL\u0130&#8221; font_container=&#8221;tag:h2|font_size:25|text_align:left|line_height:1.2&#8243; use_theme_fonts=&#8221;yes&#8221; css_params=&#8221;&#8221;]<div class=\"porto-u-heading mb-3  wpb_custom_bf1e1c959d062528668721e8c790fb34 porto-u-ad87e2eaf3f9c495180fe0156ddf3eb0 \"><style>.porto-u-ad87e2eaf3f9c495180fe0156ddf3eb0.porto-u-heading{text-align:left}<\/style><\/div><div class=\"porto-sicon-box icon-bordered mb-3 align-items-start  wpb_custom_81cc2a0c9da0dca4045e889b0e4e6169 style_1 default-icon\"><div class=\"porto-sicon-default\"><div class=\"porto-just-icon-wrapper porto-icon none\" style=\"color:#0052cc;font-size:14px;margin-right:12px;\"><i class=\"porto-icon-map-location\"><\/i><\/div><\/div><div class=\"porto-sicon-header\"><h3 class=\"porto-sicon-title\" style=\"margin-bottom:0px;\">\u0130kitelli O.S.B. Galvano Teknik San. Sit. E Blok No:1<\/h3><p>Ba\u015fak\u015fehir \/ \u0130stanbul \/ T\u00dcRK\u0130YE<\/p><\/div> <!-- header --><\/div><!-- porto-sicon-box --><div class=\"porto-sicon-box icon-bordered mb-3 align-items-start  wpb_custom_81cc2a0c9da0dca4045e889b0e4e6169 style_1 default-icon\"><div class=\"porto-sicon-default\"><div class=\"porto-just-icon-wrapper porto-icon none\" style=\"color:#0052cc;font-size:14px;margin-right:12px;\"><i class=\"porto-icon-phone-1\"><\/i><\/div><\/div><div class=\"porto-sicon-header\"><h3 class=\"porto-sicon-title\" style=\"margin-bottom:0px;\">+90 212 549 09 43<\/h3><\/div> <!-- header --><\/div><!-- porto-sicon-box -->[vc_column_text]<iframe loading=\"lazy\" style=\"border: 0;\" src=\"https:\/\/www.google.com\/maps\/embed?pb=!1m18!1m12!1m3!1d3007.41648218098!2d28.80849!3d41.081745999999995!2m3!1f0!2f0!3f0!3m2!1i1024!2i768!4f13.1!3m3!1m2!1s0x0%3A0x0!2zNDHCsDA0JzU0LjMiTiAyOMKwNDgnMzAuNiJF!5e0!3m2!1str!2sus!4v1432538828220\" width=\"800\" height=\"250\" frameborder=\"0\"><\/iframe>[\/vc_column_text][\/vc_tta_section][\/vc_tta_tour][\/vc_column][\/vc_row]<\/p>\n<\/div>","protected":false},"excerpt":{"rendered":"<p>[vc_row wrap_container=&#8221;yes&#8221; conditional_render=&#8221;%5B%7B%22value_role%22%3A%22administrator%22%7D%5D&#8221; css_params=&#8221;&#8221;][vc_column][vc_single_image image=&#8221;5314&#8243; img_size=&#8221;full&#8221; alignment=&#8221;center&#8221; css=&#8221;.vc_custom_1758633350794{margin-bottom: 35px !important;}&#8221; animation_delay=&#8221;100&#8243; css_params=&#8221;&#8221; animation_type=&#8221;fadeInUp&#8221;][vc_row_inner][vc_column_inner width=&#8221;1\/2&#8243;][vc_single_image image=&#8221;2259&#8243; img_size=&#8221;full&#8221; css=&#8221;.vc_custom_1758135090123{margin-bottom: 10px !important;}&#8221; animation_delay=&#8221;100&#8243; el_class=&#8221;mb-0 custom-box-shadow-1&#8243; animation_type=&#8221;fadeInUp&#8221; css_params=&#8221;&#8221;][\/vc_column_inner][vc_column_inner width=&#8221;1\/2&#8243;][\/vc_column_inner][\/vc_row_inner][\/vc_column][\/vc_row][vc_row no_padding=&#8221;yes&#8221; conditional_render=&#8221;%5B%7B%22value_role%22%3A%22administrator%22%7D%5D&#8221; css_params=&#8221;&#8221; el_class=&#8221;overflow-hidden&#8221;][vc_column][vc_row_inner wrap_container=&#8221;yes&#8221; content_placement=&#8221;middle&#8221; css=&#8221;.vc_custom_1758100983421{background: #f7f7ff url(\/\/sw-themes.com\/porto_dummy\/wp-content\/uploads\/2025\/01\/marketing-generic-6.svg?id=1094) !important;background-position: center !important;background-repeat: no-repeat !important;background-size: cover !important;}&#8221; css_params=&#8221;{&#8220;css_padding_top_lg&#8220;:&#8220;6rem&#8220;,&#8220;css_padding_bottom_lg&#8220;:&#8220;8rem&#8220;}&#8221; el_class=&#8221;custom-bg&#8221; custom_css_response=&#8221;@media(max-width:991px){.vc_custom_1758100983421{padding-top:6rem!important;padding-bottom:8rem!important;}}&#8221;][vc_column_inner el_class=&#8221;text-lg-start text-center&#8221; css_params=&#8221;{&#8220;css_margin_bottom_lg&#8220;:&#8220;3rem&#8220;}&#8221; offset=&#8221;vc_col-lg-4 vc_col-md-5&#8243; css=&#8221;.vc_custom_1758100046779{porto_vc_design_option}&#8221; custom_css_response=&#8221;@media(max-width:991px){.vc_custom_1758100046779{margin-bottom:3rem!important;}}&#8221;][vc_custom_heading text=&#8221;\u00d6ztek Tasar\u0131m SHOWROOM&#8221; font_container=&#8221;tag:h2|font_size:25|text_align:left|line_height:1.2&#8243; [&hellip;]<\/p>\n","protected":false},"author":1,"featured_media":0,"parent":0,"menu_order":0,"comment_status":"closed","ping_status":"closed","template":"","meta":{"footnotes":""},"class_list":["post-1483","page","type-page","status-publish","hentry"],"_links":{"self":[{"href":"https:\/\/www.oztektasarim.com\/eng\/wp-json\/wp\/v2\/pages\/1483","targetHints":{"allow":["GET"]}}],"collection":[{"href":"https:\/\/www.oztektasarim.com\/eng\/wp-json\/wp\/v2\/pages"}],"about":[{"href":"https:\/\/www.oztektasarim.com\/eng\/wp-json\/wp\/v2\/types\/page"}],"author":[{"embeddable":true,"href":"https:\/\/www.oztektasarim.com\/eng\/wp-json\/wp\/v2\/users\/1"}],"replies":[{"embeddable":true,"href":"https:\/\/www.oztektasarim.com\/eng\/wp-json\/wp\/v2\/comments?post=1483"}],"version-history":[{"count":178,"href":"https:\/\/www.oztektasarim.com\/eng\/wp-json\/wp\/v2\/pages\/1483\/revisions"}],"predecessor-version":[{"id":5326,"href":"https:\/\/www.oztektasarim.com\/eng\/wp-json\/wp\/v2\/pages\/1483\/revisions\/5326"}],"wp:attachment":[{"href":"https:\/\/www.oztektasarim.com\/eng\/wp-json\/wp\/v2\/media?parent=1483"}],"curies":[{"name":"wp","href":"https:\/\/api.w.org\/{rel}","templated":true}]}}